{"id":211,"date":"2020-01-30T15:10:20","date_gmt":"2020-01-30T14:10:20","guid":{"rendered":"http:\/\/s300141438.online.de\/ee-hotel\/?page_id=211"},"modified":"2026-04-20T11:19:35","modified_gmt":"2026-04-20T09:19:35","slug":"superior-zimmer","status":"publish","type":"page","link":"https:\/\/www.eehotel.de\/en\/superior-zimmer\/","title":{"rendered":"Superior Room"},"content":{"rendered":"<p><div class=\"fusion-fullwidth fullwidth-box fusion-builder-row-1 fusion-parallax-none nonhundred-percent-fullwidth non-hundred-percent-height-scrolling\" style=\"background-color: #f1d4d0;background-image: url(&quot;https:\/\/www.eehotel.de\/wp-content\/uploads\/2019\/07\/rose-white-bg.jpg&quot;);background-position: center center;background-repeat: repeat-x;padding-top:5%;padding-right:0px;padding-bottom:5%;padding-left:0px;margin-bottom: 0px;margin-top: 0px;border-width: 0px 0px 0px 0px;border-color:#eae9e9;border-style:solid;\" ><div class=\"fusion-builder-row fusion-row\"><div class=\"fusion-layout-column fusion_builder_column fusion-builder-column-0 fusion_builder_column_1_1 1_1 fusion-one-full fusion-column-first fusion-column-last\" style=\"margin-top:0px;margin-bottom:20px;\"><div class=\"fusion-column-wrapper fusion-flex-column-wrapper-legacy\" style=\"background-position:left top;background-repeat:no-repeat;-webkit-background-size:cover;-moz-background-size:cover;-o-background-size:cover;background-size:cover;padding: 0px 0px 0px 0px;\"><div class=\"fusion-text fusion-text-1\"><h2 style=\"text-align: center; --fontSize:58; line-height: 1.3;\" data-fontsize=\"58\" data-lineheight=\"75.4px\" class=\"fusion-responsive-typography-calculated\">Our<br \/>Superior Room<\/h2>\n<p style=\"text-align: center; padding-left: 0px;\">Unsere Superior Zimmer<\/p>\n<p style=\"text-align: center; padding-left: 0px;\">26 m\u00b2 gro\u00dfe Superior Zimmer mit Balkon laden auf allen Etagen zum entspannten Verweilen ein. Genie\u00dfen Sie eine Tasse aromatischen Kaffee und w\u00e4hrend Sie die Aussicht auf dem Balkon genie\u00dfen.<\/p>\n<p style=\"text-align: center; padding-left: 0px;\">Zur komfortablen Ausstattung geh\u00f6ren eine moderne Kapsel-Kaffeemaschine sowie eine gut sortierte Minibar f\u00fcr Ihren pers\u00f6nlichen Genuss.<\/p>\n<p style=\"text-align: center;\">139,00 Euro pro Person \/ Nacht<\/p>\n<p style=\"text-align: center;\">159,00 Euro Doppelnutzung \/ Nacht <\/p>\n<p style=\"text-align: center;\">*Minibar ist inkludiert*<\/p>\n<p style=\"text-align: center;\">19,90 Euro Fr\u00fchst\u00fcck pro Person.<\/p>\n<\/div><div class=\"fusion-clearfix\"><\/div><\/div><\/div><div class=\"fusion-layout-column fusion_builder_column fusion-builder-column-1 fusion_builder_column_1_1 1_1 fusion-one-full fusion-column-first fusion-column-last\" style=\"margin-top:5%;margin-bottom:5%;\"><div class=\"fusion-column-wrapper fusion-flex-column-wrapper-legacy\" style=\"background-position:left top;background-repeat:no-repeat;-webkit-background-size:cover;-moz-background-size:cover;-o-background-size:cover;background-size:cover;padding: 0px 0px 0px 0px;\"><div class=\"fusion-image-carousel fusion-image-carousel-auto fusion-image-carousel-1 lightbox-enabled\"><div class=\"fusion-carousel\" data-autoplay=\"yes\" data-columns=\"1\" data-itemmargin=\"20\" data-itemwidth=\"180\" data-touchscroll=\"no\" data-imagesize=\"auto\"><div class=\"fusion-carousel-positioner\"><ul class=\"fusion-carousel-holder\"><li class=\"fusion-carousel-item\"><div class=\"fusion-carousel-item-wrapper\"><div class=\"fusion-image-wrapper hover-type-none\"><a data-rel=\"iLightbox[image_carousel_1]\" data-title=\"Superior1\" aria-label=\"Superior1\" href=\"https:\/\/www.eehotel.de\/wp-content\/uploads\/2020\/01\/Superior1-1200x800.jpg\" target=\"_self\"><img decoding=\"async\" width=\"5975\" height=\"3983\" src=\"https:\/\/www.eehotel.de\/wp-content\/uploads\/2020\/01\/Superior1.jpg\" class=\"attachment-full size-full\" alt=\"\" srcset=\"https:\/\/www.eehotel.de\/wp-content\/uploads\/2020\/01\/Superior1-200x133.jpg 200w, https:\/\/www.eehotel.de\/wp-content\/uploads\/2020\/01\/Superior1-300x200.jpg 300w, https:\/\/www.eehotel.de\/wp-content\/uploads\/2020\/01\/Superior1-400x267.jpg 400w, https:\/\/www.eehotel.de\/wp-content\/uploads\/2020\/01\/Superior1-600x400.jpg 600w, https:\/\/www.eehotel.de\/wp-content\/uploads\/2020\/01\/Superior1-768x512.jpg 768w, https:\/\/www.eehotel.de\/wp-content\/uploads\/2020\/01\/Superior1-800x533.jpg 800w, https:\/\/www.eehotel.de\/wp-content\/uploads\/2020\/01\/Superior1-1024x683.jpg 1024w, https:\/\/www.eehotel.de\/wp-content\/uploads\/2020\/01\/Superior1-1200x800.jpg 1200w, https:\/\/www.eehotel.de\/wp-content\/uploads\/2020\/01\/Superior1.jpg 5975w\" sizes=\"(max-width: 5975px) 100vw, 5975px\" \/><\/a><\/div><\/div><\/li><li class=\"fusion-carousel-item\"><div class=\"fusion-carousel-item-wrapper\"><div class=\"fusion-image-wrapper hover-type-none\"><a data-rel=\"iLightbox[image_carousel_1]\" data-title=\"Superior2\" aria-label=\"Superior2\" href=\"https:\/\/www.eehotel.de\/wp-content\/uploads\/2020\/01\/Superior2-1200x800.jpg\" target=\"_self\"><img decoding=\"async\" width=\"5970\" height=\"3980\" src=\"https:\/\/www.eehotel.de\/wp-content\/uploads\/2020\/01\/Superior2.jpg\" class=\"attachment-full size-full\" alt=\"\" srcset=\"https:\/\/www.eehotel.de\/wp-content\/uploads\/2020\/01\/Superior2-200x133.jpg 200w, https:\/\/www.eehotel.de\/wp-content\/uploads\/2020\/01\/Superior2-300x200.jpg 300w, https:\/\/www.eehotel.de\/wp-content\/uploads\/2020\/01\/Superior2-400x267.jpg 400w, https:\/\/www.eehotel.de\/wp-content\/uploads\/2020\/01\/Superior2-600x400.jpg 600w, https:\/\/www.eehotel.de\/wp-content\/uploads\/2020\/01\/Superior2-768x512.jpg 768w, https:\/\/www.eehotel.de\/wp-content\/uploads\/2020\/01\/Superior2-800x533.jpg 800w, https:\/\/www.eehotel.de\/wp-content\/uploads\/2020\/01\/Superior2-1024x683.jpg 1024w, https:\/\/www.eehotel.de\/wp-content\/uploads\/2020\/01\/Superior2-1200x800.jpg 1200w, https:\/\/www.eehotel.de\/wp-content\/uploads\/2020\/01\/Superior2.jpg 5970w\" sizes=\"(max-width: 5970px) 100vw, 5970px\" \/><\/a><\/div><\/div><\/li><li class=\"fusion-carousel-item\"><div class=\"fusion-carousel-item-wrapper\"><div class=\"fusion-image-wrapper hover-type-none\"><a data-rel=\"iLightbox[image_carousel_1]\" data-title=\"Superior3\" aria-label=\"Superior3\" href=\"https:\/\/www.eehotel.de\/wp-content\/uploads\/2020\/01\/Superior3-1200x800.jpg\" target=\"_self\"><img decoding=\"async\" width=\"5976\" height=\"3984\" src=\"https:\/\/www.eehotel.de\/wp-content\/uploads\/2020\/01\/Superior3.jpg\" class=\"attachment-full size-full\" alt=\"\" srcset=\"https:\/\/www.eehotel.de\/wp-content\/uploads\/2020\/01\/Superior3-200x133.jpg 200w, https:\/\/www.eehotel.de\/wp-content\/uploads\/2020\/01\/Superior3-300x200.jpg 300w, https:\/\/www.eehotel.de\/wp-content\/uploads\/2020\/01\/Superior3-400x267.jpg 400w, https:\/\/www.eehotel.de\/wp-content\/uploads\/2020\/01\/Superior3-600x400.jpg 600w, https:\/\/www.eehotel.de\/wp-content\/uploads\/2020\/01\/Superior3-768x512.jpg 768w, https:\/\/www.eehotel.de\/wp-content\/uploads\/2020\/01\/Superior3-800x533.jpg 800w, https:\/\/www.eehotel.de\/wp-content\/uploads\/2020\/01\/Superior3-1024x683.jpg 1024w, https:\/\/www.eehotel.de\/wp-content\/uploads\/2020\/01\/Superior3-1200x800.jpg 1200w, https:\/\/www.eehotel.de\/wp-content\/uploads\/2020\/01\/Superior3.jpg 5976w\" sizes=\"(max-width: 5976px) 100vw, 5976px\" \/><\/a><\/div><\/div><\/li><\/ul><div class=\"fusion-carousel-nav\"><button class=\"fusion-nav-prev awb-icon-left\" aria-label=\"Previous\"><\/button><button class=\"fusion-nav-next awb-icon-right\" aria-label=\"Next\"><\/button><\/div><\/div><\/div><\/div><div class=\"fusion-clearfix\"><\/div><\/div><\/div><div class=\"fusion-layout-column fusion_builder_column fusion-builder-column-2 fusion_builder_column_1_1 1_1 fusion-one-full fusion-column-first fusion-column-last\" style=\"margin-top:0px;margin-bottom:20px;\"><div class=\"fusion-column-wrapper fusion-flex-column-wrapper-legacy\" style=\"background-position:left top;background-repeat:no-repeat;-webkit-background-size:cover;-moz-background-size:cover;-o-background-size:cover;background-size:cover;padding: 0px 0px 0px 0px;\"><div class=\"fusion-clearfix\"><\/div><\/div><\/div><\/div><\/div><div id=\"kontakt\"><div class=\"fusion-fullwidth fullwidth-box fusion-builder-row-2 whitefont kontakt nonhundred-percent-fullwidth non-hundred-percent-height-scrolling\" style=\"background-color: #333549;background-position: center center;background-repeat: no-repeat;padding-top:50px;padding-right:0px;padding-bottom:50px;padding-left:0px;margin-bottom: 0px;margin-top: 0px;border-width: 0px 0px 0px 0px;border-color:#eae9e9;border-style:solid;\" ><div class=\"fusion-builder-row fusion-row\"><div class=\"fusion-layout-column fusion_builder_column fusion-builder-column-3 fusion_builder_column_1_5 1_5 fusion-one-fifth fusion-column-first\" style=\"width:20%;width:calc(20% - ( ( 4% + 4% + 4% + 4% ) * 0.2 ) );margin-right: 4%;margin-top:0px;margin-bottom:20px;\"><div class=\"fusion-column-wrapper fusion-flex-column-wrapper-legacy\" style=\"background-position:left top;background-blend-mode: overlay;background-repeat:no-repeat;-webkit-background-size:cover;-moz-background-size:cover;-o-background-size:cover;background-size:cover;padding: 0px 0px 0px 0px;\"><span class=\"fusion-imageframe imageframe-none imageframe-1 hover-type-none footer\"><img decoding=\"async\" width=\"300\" height=\"277\" title=\"EE-Hotel_Logo_retina\" src=\"https:\/\/www.eehotel.de\/wp-content\/uploads\/2019\/06\/EE-Hotel_Logo_retina.png\" alt class=\"img-responsive wp-image-10\" srcset=\"https:\/\/www.eehotel.de\/wp-content\/uploads\/2019\/06\/EE-Hotel_Logo_retina-200x185.png 200w, https:\/\/www.eehotel.de\/wp-content\/uploads\/2019\/06\/EE-Hotel_Logo_retina.png 300w\" sizes=\"(max-width: 800px) 100vw, 200px\" \/><\/span><div class=\"fusion-clearfix\"><\/div><\/div><\/div><div class=\"fusion-layout-column fusion_builder_column fusion-builder-column-4 fusion_builder_column_1_5 1_5 fusion-one-fifth\" style=\"width:20%;width:calc(20% - ( ( 4% + 4% + 4% + 4% ) * 0.2 ) );margin-right: 4%;margin-top:0px;margin-bottom:20px;\"><div class=\"fusion-column-wrapper fusion-flex-column-wrapper-legacy\" style=\"background-position:left top;background-blend-mode: overlay;background-repeat:no-repeat;-webkit-background-size:cover;-moz-background-size:cover;-o-background-size:cover;background-size:cover;padding: 0px 0px 0px 0px;\"><div class=\"fusion-text fusion-text-2\"><p><strong>EE HOTEL KASSEL<\/strong><br \/>\nVor dem Osterholz 7<br \/>\n34123 Kassel<\/p>\n<\/div><div class=\"fusion-clearfix\"><\/div><\/div><\/div><div class=\"fusion-layout-column fusion_builder_column fusion-builder-column-5 fusion_builder_column_1_5 1_5 fusion-one-fifth\" style=\"width:20%;width:calc(20% - ( ( 4% + 4% + 4% + 4% ) * 0.2 ) );margin-right: 4%;margin-top:0px;margin-bottom:20px;\"><div class=\"fusion-column-wrapper fusion-flex-column-wrapper-legacy\" style=\"background-position:left top;background-blend-mode: overlay;background-repeat:no-repeat;-webkit-background-size:cover;-moz-background-size:cover;-o-background-size:cover;background-size:cover;padding: 0px 0px 0px 0px;\"><div class=\"fusion-text fusion-text-3\"><p><strong>T <\/strong>0561 \u2013 76 68 18 \u2013 0<strong><br \/>\nF <\/strong>0561 \u2013 76 68 18 \u2013 18<strong><br \/>\nM <\/strong>info@eehotel.de<\/p>\n<\/div><div class=\"fusion-clearfix\"><\/div><\/div><\/div><div class=\"fusion-layout-column fusion_builder_column fusion-builder-column-6 fusion_builder_column_1_5 1_5 fusion-one-fifth\" style=\"width:20%;width:calc(20% - ( ( 4% + 4% + 4% + 4% ) * 0.2 ) );margin-right: 4%;margin-top:0px;margin-bottom:20px;\"><div class=\"fusion-column-wrapper fusion-flex-column-wrapper-legacy\" style=\"background-position:left top;background-blend-mode: overlay;background-repeat:no-repeat;-webkit-background-size:cover;-moz-background-size:cover;-o-background-size:cover;background-size:cover;padding: 0px 0px 0px 0px;\"><div class=\"fusion-text fusion-text-4\"><p><span style=\"color: #ffffff;\"><a style=\"color: #ffffff;\" href=\"https:\/\/www.eehotel.de\/en\/impressum-und-datenschutz\/\"><strong>Imprint<\/strong><\/a><\/span><\/p>\n<p><span style=\"color: #ffffff;\"><a style=\"color: #ffffff;\" href=\"https:\/\/www.eehotel.de\/en\/impressum-und-datenschutz\/\"><strong>Privacy<\/strong><\/a><\/span><\/p>\n<p><span style=\"color: #ffffff;\"><a style=\"color: #ffffff;\" href=\"https:\/\/www.eehotel.de\/wp-content\/uploads\/2020\/01\/agb.pdf\"><strong>T&amp;C<\/strong><\/a><\/span><\/p>\n<\/div><div class=\"fusion-clearfix\"><\/div><\/div><\/div><div class=\"fusion-layout-column fusion_builder_column fusion-builder-column-7 fusion_builder_column_1_5 1_5 fusion-one-fifth fusion-column-last\" style=\"width:20%;width:calc(20% - ( ( 4% + 4% + 4% + 4% ) * 0.2 ) );margin-top:0px;margin-bottom:20px;\"><div class=\"fusion-column-wrapper fusion-flex-column-wrapper-legacy\" style=\"background-position:left top;background-blend-mode: overlay;background-repeat:no-repeat;-webkit-background-size:cover;-moz-background-size:cover;-o-background-size:cover;background-size:cover;padding: 0px 0px 0px 0px;\"><div class=\"fusion-social-links fusion-social-links-1\"><div class=\"fusion-social-networks\"><div class=\"fusion-social-networks-wrapper\"><a class=\"fusion-social-network-icon fusion-tooltip fusion-facebook awb-icon-facebook\" style=\"color:#ffffff;font-size:26px;\" data-placement=\"top\" data-title=\"Facebook\" data-toggle=\"tooltip\" title=\"Facebook\" aria-label=\"facebook\" target=\"_blank\" rel=\"noopener noreferrer\" href=\"https:\/\/www.facebook.com\/EEHotelKassel\/\"><\/a><a class=\"fusion-social-network-icon fusion-tooltip fusion-instagram awb-icon-instagram\" style=\"color:#ffffff;font-size:26px;\" data-placement=\"top\" data-title=\"Instagram\" data-toggle=\"tooltip\" title=\"Instagram\" aria-label=\"instagram\" target=\"_blank\" rel=\"noopener noreferrer\" href=\"https:\/\/instagram.com\/ee_hotel_kassel?igshid=l3xrjvmforvl\"><\/a><\/div><\/div><\/div><style type=\"text\/css\">.fusion-social-links-1 .boxed-icons .fusion-social-network-icon{border-top-width:0px !important;border-right-width:0px !important;border-bottom-width:0px !important;border-left-width:0px !important;border-color:var(--awb-color3) !important;}.fusion-social-links-1 .boxed-icons .fusion-social-network-icon:hover{background-color:rgba(232,232,232,0.8) !important;border-color:var(--awb-color4) !important;}.fusion-social-links-1 .fusion-social-network-icon:hover{color:rgba(190,189,189,0.8) !important;}.fusion-social-links-1{ margin-top : 0px;margin-right : 0px;margin-bottom : 0px;margin-left : 0px;}<\/style><div class=\"fusion-clearfix\"><\/div><\/div><\/div><\/div><\/div><\/div>\n<\/p>","protected":false},"excerpt":{"rendered":"","protected":false},"author":2,"featured_media":0,"parent":0,"menu_order":0,"comment_status":"closed","ping_status":"closed","template":"100-width.php","meta":{"footnotes":""},"class_list":["post-211","page","type-page","status-publish","hentry"],"_links":{"self":[{"href":"https:\/\/www.eehotel.de\/en\/wp-json\/wp\/v2\/pages\/211","targetHints":{"allow":["GET"]}}],"collection":[{"href":"https:\/\/www.eehotel.de\/en\/wp-json\/wp\/v2\/pages"}],"about":[{"href":"https:\/\/www.eehotel.de\/en\/wp-json\/wp\/v2\/types\/page"}],"author":[{"embeddable":true,"href":"https:\/\/www.eehotel.de\/en\/wp-json\/wp\/v2\/users\/2"}],"replies":[{"embeddable":true,"href":"https:\/\/www.eehotel.de\/en\/wp-json\/wp\/v2\/comments?post=211"}],"version-history":[{"count":24,"href":"https:\/\/www.eehotel.de\/en\/wp-json\/wp\/v2\/pages\/211\/revisions"}],"predecessor-version":[{"id":663,"href":"https:\/\/www.eehotel.de\/en\/wp-json\/wp\/v2\/pages\/211\/revisions\/663"}],"wp:attachment":[{"href":"https:\/\/www.eehotel.de\/en\/wp-json\/wp\/v2\/media?parent=211"}],"curies":[{"name":"wp","href":"https:\/\/api.w.org\/{rel}","templated":true}]}}